{"id":217,"date":"2016-11-20T21:20:01","date_gmt":"2016-11-20T20:20:01","guid":{"rendered":"http:\/\/eusen.org\/?page_id=217"},"modified":"2016-11-20T22:08:25","modified_gmt":"2016-11-20T21:08:25","slug":"nursing-track-vienna-2016","status":"publish","type":"page","link":"https:\/\/eusen.org\/?page_id=217","title":{"rendered":"Nursing Track Vienna 2016"},"content":{"rendered":"<table>\n<tbody>\n<tr>\n<td colspan=\"2\" width=\"678\"><strong>EuSEN Nursing Track (room GARTENSAAL)<\/strong><\/td>\n<\/tr>\n<tr>\n<td colspan=\"2\" width=\"678\"><strong><em>9<\/em><\/strong><strong><em>:<\/em><\/strong><strong><em>1<\/em><\/strong><strong><em>0 \u2013 10:40 SESSION 1: Prehospital Emergency Nursing<\/em><\/strong><\/td>\n<\/tr>\n<tr>\n<td colspan=\"2\" width=\"678\"><strong>C<\/strong><strong>ha<\/strong><strong>ir<\/strong><strong>s: \u00a0Yves Maule (B) \u2013 Luciano Clarizia (I)<\/strong><\/td>\n<\/tr>\n<tr>\n<td width=\"461\"><a href=\"https:\/\/eusen.org\/wp-content\/uploads\/2016\/11\/Pre1145-Tyler-Mark.pdf\">Preparing for the disaster<\/a><\/td>\n<td width=\"217\">Mark Tyler (AUS)<\/td>\n<\/tr>\n<tr>\n<td width=\"461\"><a href=\"https:\/\/eusen.org\/wp-content\/uploads\/2016\/11\/Pre1146-Casillo-Salvatore.pdf\">Prehospital trauma care: nursing interventions<\/a><\/td>\n<td width=\"217\">Salvatore Casillo (IT)<\/td>\n<\/tr>\n<tr>\n<td width=\"461\">Detecting child maltreatment based on parental characteristics<\/td>\n<td width=\"217\">Hester Diderich-Lolkes de Beer<\/p>\n<p>(NL)<\/td>\n<\/tr>\n<tr>\n<td colspan=\"2\" width=\"678\"><strong><em>11<\/em><\/strong><strong><em>:<\/em><\/strong><strong><em>1<\/em><\/strong><strong><em>0 \u2013 12:40 \u00a0SESSION 2: Trauma Nursing<\/em><\/strong><\/td>\n<\/tr>\n<tr>\n<td colspan=\"2\" width=\"678\"><strong>C<\/strong><strong>ha<\/strong><strong>ir<\/strong><strong>s: Hester Diderich-Lolkes de Beer (NL) \u2013 Ole-Petter Vinjevoll (N)<\/strong><\/td>\n<\/tr>\n<tr>\n<td width=\"461\"><a href=\"https:\/\/eusen.org\/wp-content\/uploads\/2016\/11\/Pre1148-Armstrong-Bruce.pdf\">Taking care of the severe injured patient: human factors<\/a><\/td>\n<td width=\"217\">Bruce Armstrong\u00a0 (UK)<\/td>\n<\/tr>\n<tr>\n<td width=\"461\"><a href=\"https:\/\/eusen.org\/wp-content\/uploads\/2016\/11\/Pre1149-MAULE-Yves.pdf\">Multisite Terroristic attacks in Brussels (B): a challenge?<\/a><\/td>\n<td width=\"217\">Yves Maule (B)<\/td>\n<\/tr>\n<tr>\n<td width=\"461\"><a href=\"https:\/\/eusen.org\/wp-content\/uploads\/2016\/11\/Pre1150-Armstrong-Bruce.pdf\">Training staff in major trauma education<\/a><\/td>\n<td width=\"217\">Bruce Armstrong\u00a0 (UK)<\/td>\n<\/tr>\n<tr>\n<td colspan=\"2\" width=\"678\"><strong><em>14<\/em><\/strong><strong><em>:<\/em><\/strong><strong><em>1<\/em><\/strong><strong><em>0 \u2013 15:40 \u00a0SESSION 3: Emergency Nursing Education<\/em><\/strong><\/td>\n<\/tr>\n<tr>\n<td colspan=\"2\" width=\"678\"><strong>C<\/strong><strong>ha<\/strong><strong>ir<\/strong><strong>s: Petra Valk-Zwickl (CH) &#8211; Jochen Bergs (B)<\/strong><\/td>\n<\/tr>\n<tr>\n<td width=\"461\"><a href=\"https:\/\/eusen.org\/wp-content\/uploads\/2016\/11\/Pre1151-Tyler-Mark.pdf\">Emergency Nursing education in Australia<\/a><\/td>\n<td width=\"217\">Mark Tyler (AUS)<\/td>\n<\/tr>\n<tr>\n<td width=\"461\">\n<p style=\"text-align: justify;\"><a href=\"https:\/\/eusen.org\/wp-content\/uploads\/2016\/11\/Pre1152-Thorsteinsdottir-Thordis-K..pdf\">Educating the future emergency nurse: professional competence and development<\/a><\/p>\n<\/td>\n<td width=\"217\">Thordis K. Thorsteinsdottir (ICEL)<\/td>\n<\/tr>\n<tr>\n<td width=\"461\"><a href=\"https:\/\/eusen.org\/wp-content\/uploads\/2016\/11\/Pre1153-Berben-Sivera.pdf\">Development of an e-learning program to increase knowledge and awareness for the recognition of elderly abuse in the ED<\/a><\/td>\n<td width=\"217\">Sivera Berben (NL)<\/td>\n<\/tr>\n<tr>\n<td colspan=\"2\" width=\"678\"><strong><em>16<\/em><\/strong><strong><em>:<\/em><\/strong><strong><em>1<\/em><\/strong><strong><em>0 \u2013 17:40 \u00a0SESSION 4: Emergency Nursing Research<\/em><\/strong><\/td>\n<\/tr>\n<tr>\n<td colspan=\"2\" width=\"678\"><strong>C<\/strong><strong>ha<\/strong><strong>ir<\/strong><strong>s: Frans de Voeght (NL) &#8211; Gu\u00f0bj\u00f6rg P\u00e1lsd\u00f3ttir (ICL)<\/strong><\/td>\n<\/tr>\n<tr>\n<td width=\"461\"><a href=\"https:\/\/eusen.org\/wp-content\/uploads\/2016\/11\/Pre1154-Van-der-Linden-Christien.pdf\">Emergency Nursing Research: Why? How?<\/a><\/td>\n<td width=\"217\">Christine Van Der Linden (NL)<\/td>\n<\/tr>\n<tr>\n<td width=\"461\"><a href=\"https:\/\/eusen.org\/wp-content\/uploads\/2016\/11\/Pre1155-Thorsteinsdottir-Thordis-K..pdf\">Applying research into emergency nursing \u2013 examples from Iceland<\/a><\/td>\n<td width=\"217\">Thordis K. Thorsteinsdottir (ICEL)<\/td>\n<\/tr>\n<tr>\n<td width=\"461\">Thinking outside the box: a few things I have learned from other fields of\u00a0research<\/td>\n<td width=\"217\">Jochen Bergs (B)<\/td>\n<\/tr>\n<\/tbody>\n<\/table>\n<p><!--more--><\/p>\n<p><!--more--><\/p>\n","protected":false},"excerpt":{"rendered":"<p>EuSEN Nursing Track (room GARTENSAAL) 9:10 \u2013 10:40 SESSION 1: Prehospital Emergency Nursing Chairs: \u00a0Yves Maule (B) \u2013 Luciano Clarizia (I) Preparing for the disaster Mark Tyler (AUS) Prehospital trauma care: nursing interventions Salvatore&#46;&#46;&#46;<\/p>\n","protected":false},"author":1,"featured_media":0,"parent":212,"menu_order":1,"comment_status":"closed","ping_status":"closed","template":"page-templates\/child-menu.php","meta":{"_exactmetrics_skip_tracking":false,"_exactmetrics_sitenote_active":false,"_exactmetrics_sitenote_note":"","_exactmetrics_sitenote_category":0,"footnotes":""},"class_list":["post-217","page","type-page","status-publish","hentry"],"aioseo_notices":[],"_links":{"self":[{"href":"https:\/\/eusen.org\/index.php?rest_route=\/wp\/v2\/pages\/217","targetHints":{"allow":["GET"]}}],"collection":[{"href":"https:\/\/eusen.org\/index.php?rest_route=\/wp\/v2\/pages"}],"about":[{"href":"https:\/\/eusen.org\/index.php?rest_route=\/wp\/v2\/types\/page"}],"author":[{"embeddable":true,"href":"https:\/\/eusen.org\/index.php?rest_route=\/wp\/v2\/users\/1"}],"replies":[{"embeddable":true,"href":"https:\/\/eusen.org\/index.php?rest_route=%2Fwp%2Fv2%2Fcomments&post=217"}],"version-history":[{"count":13,"href":"https:\/\/eusen.org\/index.php?rest_route=\/wp\/v2\/pages\/217\/revisions"}],"predecessor-version":[{"id":241,"href":"https:\/\/eusen.org\/index.php?rest_route=\/wp\/v2\/pages\/217\/revisions\/241"}],"up":[{"embeddable":true,"href":"https:\/\/eusen.org\/index.php?rest_route=\/wp\/v2\/pages\/212"}],"wp:attachment":[{"href":"https:\/\/eusen.org\/index.php?rest_route=%2Fwp%2Fv2%2Fmedia&parent=217"}],"curies":[{"name":"wp","href":"https:\/\/api.w.org\/{rel}","templated":true}]}}