{"id":425,"date":"2018-01-02T21:58:51","date_gmt":"2018-01-02T20:58:51","guid":{"rendered":"http:\/\/eusen.org\/?page_id=425"},"modified":"2018-08-26T20:52:21","modified_gmt":"2018-08-26T18:52:21","slug":"sac","status":"publish","type":"page","link":"https:\/\/eusen.org\/?page_id=425","title":{"rendered":"SAC"},"content":{"rendered":"<p>EuSEN Nursing Track in EuSEM Galsgow Congress, 11\/09\/2018<\/p>\n<p>More info :\u00a0https:\/\/www.eusemcongress.org\/en\/<\/p>\n<p><span style=\"color: #ff0000;\"><strong>Trauma and Disaster<\/strong><\/span><br \/>\n<em>Moderators: FransDE VOEGHT (THE NETHERLANDS), DamirVAZANIC (PRESIDENT) (Zagreb, CROATIA)<\/em><br \/>\n\u202209:10 -10:40 Performance of a trauma team activation tool. Ole-PetterVINJEVOLL (Trondheim, NORWAY)<br \/>\n\u202209:10 -10:40 Two mass casualty incidences involving tourists in Iceland: preparedness of the emergency department at LandspitaliNational University Hospital. Gudrun L\u00edsbetN\u00cdELSD\u00d3TTIR (Project manager, emergency planning) (Reykjav\u00edk, ICELAND)<br \/>\n\u202209:10 -10:40 Solutions to the biggest inhospitaldisaster -emergency department crowding. ChristienVAN DER LINDEN (THE NETHERLANDS)<\/p>\n<p><span style=\"color: #ff0000;\"><strong>Geriatric Emergency nursing Care<\/strong><\/span><br \/>\n<em>Moderators: Gudrun L\u00edsbetN\u00cdELSD\u00d3TTIR (Project manager, emergency planning) (Reykjav\u00edk, ICELAND), Ole-PetterVINJEVOLL (Trondheim, NORWAY)<\/em><br \/>\n\u202211:10 -12:40 Geriatric Emergency Nurse: connecting emergency care with the community. Ingibj\u00f6rgSIGURS\u00d3RSD\u00d3TTIR (ICELAND)<br \/>\n\u202211:10 -12:40 Negotiation of teamwork: How nurses and physicians as a team consider their ESI-based triage level in older ED patients: an Interpretive description. Thomas DREHER-HUMMEL (Nurse) (Basel, SWITZERLAND)<br \/>\n\u202211:10 -12:40 Elderly care in Croatian rural hospital Emergency Department. Valentina KOVACEK (Molve, CROATIA)<\/p>\n<p><span style=\"color: #ff0000;\"><strong>Well-being of staff<\/strong><\/span><br \/>\n<em>Moderators: Valentina KOVACEK (Molve, CROATIA), Ingibj\u00f6rgSIGURS\u00d3RSD\u00d3TTIR (ICELAND)<\/em><br \/>\n\u202214:10 -15:40 Prevalence study of burn-out in Belgium emergency departments, key recommendations. Yves MAULE (MANAGER DE SOINS) (LIEGE, BELGIUM)<br \/>\n\u202214:10 -15:40 Implementation of electronic competence assessment program for emergency nurses \u2013improved goal setting and job satisfaction. D\u00f3raBJ\u00d6RNSD\u00d3TTIR (ICELAND)<br \/>\n\u202214:10 -15:40 Team Wellbeing in ED Design. UnaCRONIN (Clinical Research) (Limerick, IRELAND)<\/p>\n<p><span style=\"color: #ff0000;\"><strong>Emergency Nursing research<\/strong><\/span><br \/>\n<em>Moderators: UnaCRONIN (Clinical Research) (Limerick, IRELAND), Yves MAULE (MANAGER DE SOINS) (LIEGE, BELGIUM)<\/em><br \/>\n\u202216:10 -17:40 Hot topics in emergency nursing research. JochenBERGS (Post-doctoral researcher) (Hasselt, BELGIUM)<br \/>\n\u202216:10 -17:40 Transforming psychiatric care delivery in the emergency department: one hospital\u2019s journey. FransDE VOEGHT (THE NETHERLANDS)<br \/>\n\u202216:10 -17:40 Out-of-hospital cardiac arrest outcomes in Croatian Emergency Medicine Service. DamirVAZANIC (PRESIDENT) (Zagreb, CROATIA)<\/p>\n<p>&nbsp;<\/p>\n","protected":false},"excerpt":{"rendered":"<p>EuSEN Nursing Track in EuSEM Galsgow Congress, 11\/09\/2018 More info :\u00a0https:\/\/www.eusemcongress.org\/en\/ Trauma and Disaster Moderators: FransDE VOEGHT (THE NETHERLANDS), DamirVAZANIC (PRESIDENT) (Zagreb, CROATIA) \u202209:10 -10:40 Performance of a trauma team activation tool. Ole-PetterVINJEVOLL (Trondheim,&#46;&#46;&#46;<\/p>\n","protected":false},"author":1,"featured_media":0,"parent":0,"menu_order":5,"comment_status":"closed","ping_status":"closed","template":"","meta":{"_exactmetrics_skip_tracking":false,"_exactmetrics_sitenote_active":false,"_exactmetrics_sitenote_note":"","_exactmetrics_sitenote_category":0,"footnotes":""},"class_list":["post-425","page","type-page","status-publish","hentry"],"aioseo_notices":[],"_links":{"self":[{"href":"https:\/\/eusen.org\/index.php?rest_route=\/wp\/v2\/pages\/425","targetHints":{"allow":["GET"]}}],"collection":[{"href":"https:\/\/eusen.org\/index.php?rest_route=\/wp\/v2\/pages"}],"about":[{"href":"https:\/\/eusen.org\/index.php?rest_route=\/wp\/v2\/types\/page"}],"author":[{"embeddable":true,"href":"https:\/\/eusen.org\/index.php?rest_route=\/wp\/v2\/users\/1"}],"replies":[{"embeddable":true,"href":"https:\/\/eusen.org\/index.php?rest_route=%2Fwp%2Fv2%2Fcomments&post=425"}],"version-history":[{"count":4,"href":"https:\/\/eusen.org\/index.php?rest_route=\/wp\/v2\/pages\/425\/revisions"}],"predecessor-version":[{"id":1459,"href":"https:\/\/eusen.org\/index.php?rest_route=\/wp\/v2\/pages\/425\/revisions\/1459"}],"wp:attachment":[{"href":"https:\/\/eusen.org\/index.php?rest_route=%2Fwp%2Fv2%2Fmedia&parent=425"}],"curies":[{"name":"wp","href":"https:\/\/api.w.org\/{rel}","templated":true}]}}